{"id":10,"date":"2010-12-12T22:01:04","date_gmt":"2010-12-12T22:01:04","guid":{"rendered":"http:\/\/www.adler-werne.de\/wordpress\/?page_id=10"},"modified":"2018-06-27T09:21:03","modified_gmt":"2018-06-27T08:21:03","slug":"diabetes","status":"publish","type":"page","link":"https:\/\/adler-werne.de\/penta\/diabetes\/","title":{"rendered":"Diabetes"},"content":{"rendered":"<p><img loading=\"lazy\" decoding=\"async\" class=\"alignnone size-full wp-image-85\" title=\"diabetes life\" alt=\"\" src=\"\/wordpress\/wp-content\/uploads\/2010\/12\/diabetislife.gif\" width=\"152\" height=\"133\" align=\"right\" \/><strong>Das Leben ist sch\u00f6n &#8211; trotz Diabetes,<\/strong><br \/>\nwenn Sie auf sich und Ihre Gesundheit achtgeben.<br \/>\nWir beraten Sie gern pers\u00f6nlich in allen Fragen zum Themenkreis Diabetes.<br \/>\nIhre diabetes-life Apotheke<\/p>\n<p><strong>WIR SIND OFFIZIELLER F\u00d6RDERER DER<br \/>\nDEUTSCHEN DIABETES HILFE<\/strong><\/p>\n","protected":false},"excerpt":{"rendered":"<p>Das Leben ist sch\u00f6n &#8211; trotz Diabetes, wenn Sie auf sich und Ihre Gesundheit achtgeben. Wir beraten Sie gern pers\u00f6nlich in allen Fragen zum Themenkreis Diabetes. Ihre diabetes-life Apotheke WIR SIND OFFIZIELLER F\u00d6RDERER DER DEUTSCHEN DIABETES HILFE<\/p>\n","protected":false},"author":1,"featured_media":0,"parent":0,"menu_order":4,"comment_status":"open","ping_status":"closed","template":"","meta":{"footnotes":""},"class_list":["post-10","page","type-page","status-publish","hentry"],"aioseo_notices":[],"_links":{"self":[{"href":"https:\/\/adler-werne.de\/penta\/wp-json\/wp\/v2\/pages\/10","targetHints":{"allow":["GET"]}}],"collection":[{"href":"https:\/\/adler-werne.de\/penta\/wp-json\/wp\/v2\/pages"}],"about":[{"href":"https:\/\/adler-werne.de\/penta\/wp-json\/wp\/v2\/types\/page"}],"author":[{"embeddable":true,"href":"https:\/\/adler-werne.de\/penta\/wp-json\/wp\/v2\/users\/1"}],"replies":[{"embeddable":true,"href":"https:\/\/adler-werne.de\/penta\/wp-json\/wp\/v2\/comments?post=10"}],"version-history":[{"count":7,"href":"https:\/\/adler-werne.de\/penta\/wp-json\/wp\/v2\/pages\/10\/revisions"}],"predecessor-version":[{"id":308832,"href":"https:\/\/adler-werne.de\/penta\/wp-json\/wp\/v2\/pages\/10\/revisions\/308832"}],"wp:attachment":[{"href":"https:\/\/adler-werne.de\/penta\/wp-json\/wp\/v2\/media?parent=10"}],"curies":[{"name":"wp","href":"https:\/\/api.w.org\/{rel}","templated":true}]}}