{"id":106,"date":"2010-12-14T09:52:44","date_gmt":"2010-12-14T08:52:44","guid":{"rendered":"http:\/\/www.adler-werne.de\/wordpress\/"},"modified":"2019-11-21T17:34:09","modified_gmt":"2019-11-21T16:34:09","slug":"impressum","status":"publish","type":"page","link":"https:\/\/adler-werne.de\/penta\/impressum\/","title":{"rendered":"Impressum"},"content":{"rendered":"<p>Angaben gem\u00e4\u00df \u00a76 Abs.1 TDG:<\/p>\n<p><strong>Filialen:<\/strong><\/p>\n<p>Adler-Apotheke<br \/>\nFriederich Schneider e.K.<br \/>\nMarkt 14<br \/>\n59368 Werne<br \/>\nTelefon: 02389-98320<br \/>\nFax: 02389-983232<br \/>\nE-Mail: <a href=\"mailto:info@adler-werne.de\">info@adler-werne.de<\/a><br \/>\nHompage: <a href=\"http:\/\/www.adler-werne.de\/\">www.adler-werne.de<\/a><\/p>\n<p>Penta-Apotheke,<br \/>\nFriederich Schneider e.K.<br \/>\n44534 L\u00fcnen<br \/>\nTelefon: 02306-7648077<br \/>\nFAX: 02306-7644398<br \/>\nE-Mail: <a href=\"mailto:info@penta-luenen.de\">info@penta-luenen.de<\/a><br \/>\nHompage: <a href=\"http:\/\/www.adler-werne.de\/\">www.penta-luenen.de<\/a><\/p>\n<p><strong>Aufsichtsbeh\u00f6rde:<\/strong><br \/>\nKreis Unna Gesundheitsschutz Apothekenaufsicht<br \/>\nPlatanenallee 16<br \/>\n59425 Unna<br \/>\n<a href=\"mailto:post@kreis-unna.de\">post@kreis-unna.de<\/a><br \/>\n<a href=\"http:\/\/www.kreis-unna.de\/\">www.kreis-unna.de<\/a><\/p>\n<p>Handelsregister Dortmund,<br \/>\nHandelregister-Nummer HRA\u00a015509<br \/>\nUmsatzsteuer-Identifikationsnummer DE-226449934<\/p>\n<p><strong>Gesetzliche Berufsbezeichnung,<\/strong> <strong>verliehen in Deutschland:<\/strong>\u00a0\u00a0\u00a0\u00a0\u00a0\u00a0\u00a0\u00a0\u00a0\u00a0\u00a0\u00a0\u00a0 Apotheker<\/p>\n<p><strong>Verantwortlicher im Sinne des \u00a710 MDStV:<\/strong><br \/>\nFriederich Schneider e.K. Markt 14 59368 Werne<\/p>\n<p><strong>Berufsordnung:<\/strong> Berufsverordnung f\u00fcr Apothekerinnen und Apotheker der Apotheker der Apothekerkammer Westfalen-Lippe Aktuelle Fassung: <a href=\"http:\/\/www.akwl.de\/download\/akwl\/berufsordnung.pdf\">http:\/\/www.akwl.de\/download\/akwl\/berufsordnung.pdf<\/a><\/p>\n<p><strong>Zust\u00e4ndige Apothekerkammer:<\/strong><br \/>\nApothekerkammer Westfalen-Lippe<br \/>\nK\u00f6rperschaft des \u00f6ffentlichen Rechts<br \/>\nBismarckallee 25<br \/>\n48151 M\u00fcnster Telefon: 0251 \/ 52 00 50 Fax: 0251\/52 16 50 E-Mail: info@akwl.de Homepage: <a href=\"http:\/\/www.akwl.de\/\">www.akwl.de<\/a><\/p>\n<p><strong>Angaben zur Berufshaftpflichtversicherung<br \/>\n<\/strong>Name und Sitz der Gesellschaft:<br \/>\nERGO Versicherungsgruppe AG Victoriaplatz 2<br \/>\n40198 D\u00fcsseldorf<br \/>\nTelefon: 0800 3746-000<br \/>\nFax: 0211 \/\u00a0477-1500 (9 ct\/Min.: dt. Festnetz; max. 42 ct \/Min.: dt. Mobilfunknetze)<br \/>\nDe-Mail:\u00a0<a href=\"mailto:info@ergo.de-mail.de\">info@ergo.de-mail.de<\/a><br \/>\nHomepage: <a href=\"http:\/\/www.ergo.de\/\">http:\/\/www.ergo.de\/<br \/>\n<\/a><br \/>\nVersicherungsnummern:<br \/>\nSV73276626<br \/>\nSV073276835<\/p>\n<p><strong>Die Site wurde erstellt von:<\/strong> Peter Schneider <a href=\"http:\/\/www.peter-noster.de\/\">http:\/\/www.peter-noster.de <\/a><\/p>\n<p><strong>Haftung:<\/strong><br \/>\nDie Adler-Apotheke \u00fcbernimmt keine Haftung oder Garantie f\u00fcr die Aktualit\u00e4t, Korrektheit, Vollst\u00e4ndigkeit der zur Verf\u00fcgung gestellten Informationen. Des Weiteren \u00fcbernimmt die Adler-Apotheke keine Gew\u00e4hr f\u00fcr Verluste, die durch die Verwendung oder Verteilung dieser Informationen verursacht oder mit der Verteilung\/Nutzung dieser Informationen im Zusammenhang stehen. Die Adler-Apotheke beh\u00e4lt sich das Recht vor, die bereitgestellten Informationen jederzeit zu erg\u00e4nzen oder zu \u00e4ndern. Copyright Adler-Apotheke, Werne. Alle Rechte vorbehalten: Texte, Bilder, Grafiken, Sounds, Animationen und Videos sowie deren Anordnung auf den Websites der Adler-Apotheke unterliegen dem Schutz des Urheberrechts und anderer Schutzgesetze. Der Inhalt dieser Webseiten darf nicht zu kommerziellen Zwecken kopiert, verbreitet, ver\u00e4ndert oder Dritten zug\u00e4nglich gemacht werden. Alle innerhalb des Internetangebots genannten ggf. durch Dritte gesch\u00fctzten Marken- und Warenzeichen unterliegen uneingeschr\u00e4nkt den Bestimmungen des jeweils g\u00fcltigen Kennzeichenrechts und unter den Besitzrechten der jeweiligen eingetragenen Eigent\u00fcmer.<\/p>\n<p><strong>Streitbeilegungsverfahren nach dem Verbraucherstreitbeilegungsgesetz \u2013 VSBG:<br \/>\n<\/strong>Wir sind nicht bereit und nicht verpflichtet an Streitbeilegungsverfahren vor einer Verbraucherschlichtungsstelle teilzunehmen<\/p>\n","protected":false},"excerpt":{"rendered":"<p>Angaben gem\u00e4\u00df \u00a76 Abs.1 TDG: Filialen: Adler-Apotheke Friederich Schneider e.K. Markt 14 59368 Werne Telefon: 02389-98320 Fax: 02389-983232 E-Mail: info@adler-werne.de Hompage: www.adler-werne.de Penta-Apotheke, Friederich Schneider e.K. 44534 L\u00fcnen Telefon: 02306-7648077 FAX: 02306-7644398 E-Mail: info@penta-luenen.de Hompage: www.penta-luenen.de Aufsichtsbeh\u00f6rde: Kreis Unna Gesundheitsschutz &hellip; <a href=\"https:\/\/adler-werne.de\/penta\/impressum\/\">Weiterlesen <span class=\"meta-nav\">&rarr;<\/span><\/a><\/p>\n","protected":false},"author":1,"featured_media":0,"parent":0,"menu_order":0,"comment_status":"closed","ping_status":"closed","template":"","meta":{"footnotes":""},"class_list":["post-106","page","type-page","status-publish","hentry"],"aioseo_notices":[],"_links":{"self":[{"href":"https:\/\/adler-werne.de\/penta\/wp-json\/wp\/v2\/pages\/106","targetHints":{"allow":["GET"]}}],"collection":[{"href":"https:\/\/adler-werne.de\/penta\/wp-json\/wp\/v2\/pages"}],"about":[{"href":"https:\/\/adler-werne.de\/penta\/wp-json\/wp\/v2\/types\/page"}],"author":[{"embeddable":true,"href":"https:\/\/adler-werne.de\/penta\/wp-json\/wp\/v2\/users\/1"}],"replies":[{"embeddable":true,"href":"https:\/\/adler-werne.de\/penta\/wp-json\/wp\/v2\/comments?post=106"}],"version-history":[{"count":23,"href":"https:\/\/adler-werne.de\/penta\/wp-json\/wp\/v2\/pages\/106\/revisions"}],"predecessor-version":[{"id":308891,"href":"https:\/\/adler-werne.de\/penta\/wp-json\/wp\/v2\/pages\/106\/revisions\/308891"}],"wp:attachment":[{"href":"https:\/\/adler-werne.de\/penta\/wp-json\/wp\/v2\/media?parent=106"}],"curies":[{"name":"wp","href":"https:\/\/api.w.org\/{rel}","templated":true}]}}