{"id":19,"date":"2010-12-12T23:13:40","date_gmt":"2010-12-12T22:13:40","guid":{"rendered":"http:\/\/www.adler-werne.de\/wordpress\/"},"modified":"2019-06-24T20:50:13","modified_gmt":"2019-06-24T19:50:13","slug":"wegbeschreibung","status":"publish","type":"page","link":"https:\/\/adler-werne.de\/penta\/wir-ueber-uns\/wegbeschreibung\/","title":{"rendered":"Wegbeschreibung"},"content":{"rendered":"<h2>Penta-Apotheke L\u00fcnen<\/h2>\n<p><iframe loading=\"lazy\" style=\"border: 0;\" src=\"https:\/\/www.google.com\/maps\/embed?pb=!1m14!1m8!1m3!1d1238.5597689468382!2d7.5499851!3d51.6210194!3m2!1i1024!2i768!4f13.1!3m3!1m2!1s0x47b90e3297db5beb%3A0x2b2834e74f31c8ec!2sLINDA+-+Penta-Apotheke!5e0!3m2!1sde!2sde!4v1529746782404\" width=\"530\" height=\"530\" frameborder=\"0\" allowfullscreen=\"allowfullscreen\"><\/iframe><br \/>\n<small><a style=\"color: #0000ff; text-align: left;\" href=\"https:\/\/goo.gl\/maps\/sszmjrM3g442\">Penta-Apotheke L\u00fcnen<\/a> auf einer gr\u00f6\u00dferen Karte anzeigen<\/small><\/p>\n","protected":false},"excerpt":{"rendered":"<p>Penta-Apotheke L\u00fcnen Penta-Apotheke L\u00fcnen auf einer gr\u00f6\u00dferen Karte anzeigen<\/p>\n","protected":false},"author":1,"featured_media":0,"parent":2,"menu_order":3,"comment_status":"open","ping_status":"open","template":"","meta":{"footnotes":""},"class_list":["post-19","page","type-page","status-publish","hentry"],"aioseo_notices":[],"_links":{"self":[{"href":"https:\/\/adler-werne.de\/penta\/wp-json\/wp\/v2\/pages\/19","targetHints":{"allow":["GET"]}}],"collection":[{"href":"https:\/\/adler-werne.de\/penta\/wp-json\/wp\/v2\/pages"}],"about":[{"href":"https:\/\/adler-werne.de\/penta\/wp-json\/wp\/v2\/types\/page"}],"author":[{"embeddable":true,"href":"https:\/\/adler-werne.de\/penta\/wp-json\/wp\/v2\/users\/1"}],"replies":[{"embeddable":true,"href":"https:\/\/adler-werne.de\/penta\/wp-json\/wp\/v2\/comments?post=19"}],"version-history":[{"count":11,"href":"https:\/\/adler-werne.de\/penta\/wp-json\/wp\/v2\/pages\/19\/revisions"}],"predecessor-version":[{"id":308863,"href":"https:\/\/adler-werne.de\/penta\/wp-json\/wp\/v2\/pages\/19\/revisions\/308863"}],"up":[{"embeddable":true,"href":"https:\/\/adler-werne.de\/penta\/wp-json\/wp\/v2\/pages\/2"}],"wp:attachment":[{"href":"https:\/\/adler-werne.de\/penta\/wp-json\/wp\/v2\/media?parent=19"}],"curies":[{"name":"wp","href":"https:\/\/api.w.org\/{rel}","templated":true}]}}