{"id":2,"date":"2010-12-12T21:37:13","date_gmt":"2010-12-12T20:37:13","guid":{"rendered":"http:\/\/www.adler-werne.de\/wordpress\/?page_id=2"},"modified":"2019-11-21T17:52:33","modified_gmt":"2019-11-21T16:52:33","slug":"wir-ueber-uns","status":"publish","type":"page","link":"https:\/\/adler-werne.de\/penta\/wir-ueber-uns\/","title":{"rendered":"Wir \u00fcber uns"},"content":{"rendered":"<p><img loading=\"lazy\" decoding=\"async\" class=\"aligncenter wp-image-308902\" title=\"\" src=\"https:\/\/adler-werne.de\/penta\/wp-content\/uploads\/2019\/11\/2019-11-21-16-40-06-1024x575.jpg\" alt=\"\" width=\"530\" height=\"298\" srcset=\"https:\/\/adler-werne.de\/penta\/wp-content\/uploads\/2019\/11\/2019-11-21-16-40-06-1024x575.jpg 1024w, https:\/\/adler-werne.de\/penta\/wp-content\/uploads\/2019\/11\/2019-11-21-16-40-06-300x169.jpg 300w, https:\/\/adler-werne.de\/penta\/wp-content\/uploads\/2019\/11\/2019-11-21-16-40-06-768x431.jpg 768w\" sizes=\"auto, (max-width: 530px) 100vw, 530px\" \/>Die Penta-Apotheke ist unsere neue Filiale in L\u00fcnen. Sie wurde am 6. November 2017 er\u00f6ffnet unter der Filialleitung von Britta Warnick.<\/p>\n<p>M\u00f6chten Sie uns elektronisch errreichen, schicken Sie uns eine Nachricht unter <a href=\"kontakt\">Kontakt<\/a>.<\/p>\n<p>Unsere <a href=\"http:\/\/www.adler-werne.de\/wordpress\/wir-ueber-uns\/wegbeschreibung\/\">Wegbeschreibung <\/a>zeigt Ihnen den schnellsten Weg zu unserer Apotheke.<\/p>\n\n\n<p><\/p>\n","protected":false},"excerpt":{"rendered":"<p>Die Penta-Apotheke ist unsere neue Filiale in L\u00fcnen. Sie wurde am 6. November 2017 er\u00f6ffnet unter der Filialleitung von Britta Warnick. M\u00f6chten Sie uns elektronisch errreichen, schicken Sie uns eine Nachricht unter Kontakt. Unsere Wegbeschreibung zeigt Ihnen den schnellsten Weg &hellip; <a href=\"https:\/\/adler-werne.de\/penta\/wir-ueber-uns\/\">Weiterlesen <span class=\"meta-nav\">&rarr;<\/span><\/a><\/p>\n","protected":false},"author":1,"featured_media":0,"parent":0,"menu_order":1,"comment_status":"open","ping_status":"closed","template":"","meta":{"footnotes":""},"class_list":["post-2","page","type-page","status-publish","hentry"],"aioseo_notices":[],"_links":{"self":[{"href":"https:\/\/adler-werne.de\/penta\/wp-json\/wp\/v2\/pages\/2","targetHints":{"allow":["GET"]}}],"collection":[{"href":"https:\/\/adler-werne.de\/penta\/wp-json\/wp\/v2\/pages"}],"about":[{"href":"https:\/\/adler-werne.de\/penta\/wp-json\/wp\/v2\/types\/page"}],"author":[{"embeddable":true,"href":"https:\/\/adler-werne.de\/penta\/wp-json\/wp\/v2\/users\/1"}],"replies":[{"embeddable":true,"href":"https:\/\/adler-werne.de\/penta\/wp-json\/wp\/v2\/comments?post=2"}],"version-history":[{"count":22,"href":"https:\/\/adler-werne.de\/penta\/wp-json\/wp\/v2\/pages\/2\/revisions"}],"predecessor-version":[{"id":308909,"href":"https:\/\/adler-werne.de\/penta\/wp-json\/wp\/v2\/pages\/2\/revisions\/308909"}],"wp:attachment":[{"href":"https:\/\/adler-werne.de\/penta\/wp-json\/wp\/v2\/media?parent=2"}],"curies":[{"name":"wp","href":"https:\/\/api.w.org\/{rel}","templated":true}]}}