{"id":308858,"date":"2019-06-24T20:21:46","date_gmt":"2019-06-24T19:21:46","guid":{"rendered":"https:\/\/adler-werne.de\/penta\/?page_id=308858"},"modified":"2022-09-19T12:47:29","modified_gmt":"2022-09-19T11:47:29","slug":"startseite","status":"publish","type":"page","link":"https:\/\/adler-werne.de\/penta\/","title":{"rendered":"Startseite"},"content":{"rendered":"<h1><strong>Herzlich Willkommen bei der<br \/>Penta Apotheke L\u00fcnen<\/strong><\/h1>\n<h2>NEU: Pharmazeutische Dienstleistungen<\/h2>\n<p>Wenn sie mehr als 5 Medikamente nehmen, einen neuen Inhalator bekommen oder wenn sie die Wirkung ihrer Blutdruckmedikamente \u00fcberpr\u00fcfen wollen, k\u00f6nnen sie unsere Pharmazeutische Dienstleistungen in Anspruch nehmen.<\/p>\n<p>F\u00fcr einen Termin sprechen Sie uns pers\u00f6nlich an oder melden sich telefonisch unter 02306 7648077.<\/p>\n<p>Wir sorgen f\u00fcr Ihre Gesundheit.<\/p>\n\n\n<p><\/p>\n","protected":false},"excerpt":{"rendered":"<p>Herzlich Willkommen bei derPenta Apotheke L\u00fcnen NEU: Pharmazeutische Dienstleistungen Wenn sie mehr als 5 Medikamente nehmen, einen neuen Inhalator bekommen oder wenn sie die Wirkung ihrer Blutdruckmedikamente \u00fcberpr\u00fcfen wollen, k\u00f6nnen sie unsere Pharmazeutische Dienstleistungen in Anspruch nehmen. F\u00fcr einen Termin &hellip; <a href=\"https:\/\/adler-werne.de\/penta\/\">Weiterlesen <span class=\"meta-nav\">&rarr;<\/span><\/a><\/p>\n","protected":false},"author":3,"featured_media":0,"parent":0,"menu_order":0,"comment_status":"closed","ping_status":"closed","template":"","meta":{"footnotes":""},"class_list":["post-308858","page","type-page","status-publish","hentry"],"aioseo_notices":[],"_links":{"self":[{"href":"https:\/\/adler-werne.de\/penta\/wp-json\/wp\/v2\/pages\/308858","targetHints":{"allow":["GET"]}}],"collection":[{"href":"https:\/\/adler-werne.de\/penta\/wp-json\/wp\/v2\/pages"}],"about":[{"href":"https:\/\/adler-werne.de\/penta\/wp-json\/wp\/v2\/types\/page"}],"author":[{"embeddable":true,"href":"https:\/\/adler-werne.de\/penta\/wp-json\/wp\/v2\/users\/3"}],"replies":[{"embeddable":true,"href":"https:\/\/adler-werne.de\/penta\/wp-json\/wp\/v2\/comments?post=308858"}],"version-history":[{"count":19,"href":"https:\/\/adler-werne.de\/penta\/wp-json\/wp\/v2\/pages\/308858\/revisions"}],"predecessor-version":[{"id":308934,"href":"https:\/\/adler-werne.de\/penta\/wp-json\/wp\/v2\/pages\/308858\/revisions\/308934"}],"wp:attachment":[{"href":"https:\/\/adler-werne.de\/penta\/wp-json\/wp\/v2\/media?parent=308858"}],"curies":[{"name":"wp","href":"https:\/\/api.w.org\/{rel}","templated":true}]}}