{"id":308869,"date":"2019-11-21T11:24:32","date_gmt":"2019-11-21T10:24:32","guid":{"rendered":"https:\/\/adler-werne.de\/penta\/?page_id=308869"},"modified":"2019-11-21T11:24:32","modified_gmt":"2019-11-21T10:24:32","slug":"datenschutzerklaerung","status":"publish","type":"page","link":"https:\/\/adler-werne.de\/penta\/datenschutzerklaerung\/","title":{"rendered":"Datenschutzerkl\u00e4rung"},"content":{"rendered":"\n<p style=\"text-align:left\"><strong>Informationen \u00fcber die Erhebung personenbezogener Daten  auf unserer Webseite <\/strong><\/p>\n\n\n\n<p>Sehr geehrter Besucher unserer Webseite, <\/p>\n\n\n\n<p>F\u00fcr unsere Apotheke hat ein verantwortungsbewusster Umgang mit personenbezogenen Daten hohe Priorit\u00e4t. Wir m\u00f6chten, dass Sie wissen, wann wir welche Daten erheben und wie wir sie verwenden. Wir haben technische und organisatorische Ma\u00dfnahmen getroffen, die sicherstellen, dass die Vorschriften \u00fcber den Datenschutz (ma\u00dfgebliche Gesetze sind die DSGVO, das BDSG und TMG) sowohl von uns als auch von unseren externen Dienstleistern beachtet werden.<\/p>\n\n\n\n<p>Wir m\u00f6chten Sie dar\u00fcber informieren, dass beim Besuch unserer Webseite personenbezogene Daten erhoben werden. Personenbezogen sind Daten, die auf Sie pers\u00f6nlich beziehbar sind (z. B. Name, E-Mail, Nutzerverhalten). <\/p>\n\n\n\n<p>Verantwortlich f\u00fcr die Erhebung und Speicherung der Daten ist: <\/p>\n\n\n\n<p>Adler-Apotheke (Haupt-Apotheke)<br>Friederich Schneider e.K.<br>Markt 14, 59368 Werne<br>Telefon: 02389-98320<br>Fax: 02389-983232<br>E-Mail: <a href=\"mailto:info@adler-werne.de\">info@adler-werne.de <\/a><br>Hompage: <a href=\"https:\/\/www.adler-werne.de\/\">www.adler-werne.de<\/a><\/p>\n\n\n\n<p>zugeh\u00f6rig ist die:<\/p>\n\n\n\n<p>Penta-Apotheke (Filial-Apotheke)<br>Friederich Schneider e.K.<br>Willi-Melchers-Stra\u00dfe 15, 44534 L\u00fcnen<br>Telefon: 02306-7648077<br>Fax: 02306-7644398<br>E-Mail: <a href=\"mailto:info@penta-luenen.de\">info@penta-luenen.de<\/a><br>Homepage: <a href=\"https:\/\/www.penta-luenen.de\">www.penta-luenen.de<\/a><\/p>\n\n\n\n<p>Der Datenschutzbeauftragte des Verantwortlichen ist:<\/p>\n\n\n\n<p>DeltaMed S\u00fcd GmbH &amp; Co.KG<br>Untere Gasse 9<br>71642 Ludwigsburg<br>Telefon: 07141 \u2013 974 57-0<br>Telefax: 07141 \u2013 974 57-14<br>E-Mail: <a href=\"mailto:dsb@deltamedsued.de\">dsb@deltamedsued.de<\/a><br>Internet: <a href=\"http:\/\/www.deltamedsued.de\">www.deltamedsued.de<\/a><\/p>\n\n\n\n<p>Unserer Webseite dient ausschlie\u00dflich der Bereitstellung von Informationen \u00fcber unsere Apotheke, unser Leistungsspektrum und Informationen zu verschiedenen Erkrankungen. Beim Besuch unserer Webseite werden nur die Daten erhoben, die von Ihrem Browser an unseren Server \u00fcbermittelt werden. Diese Daten sind notwendig, damit Sie unsere Webseite angezeigt bekommen und auf ihr navigieren k\u00f6nnen. Rechtsgrundlage f\u00fcr die Erhebung der Daten ist Art. 6 Abs. 1 f) EU-Datenschutz-Grundverordnung.<\/p>\n\n\n\n<p>&#8211; IP-Adresse<br>&#8211; Art des Browsers, sowie dessen Sprache und Version<br>&#8211; Betriebssystem<br>&#8211; Zugriffstatus\/http-Statuscode<br>&#8211; Datum und Uhrzeit der Anfrage, sowie die Zeitzone<br>&#8211; Inhalt der Anforderung und Webseite von der sie kommt<br>&#8211; \u00dcbertragene Datenmenge<\/p>\n\n\n\n<p>Im Einzelnen werden folgende Daten beim Besuch unserer Webseite erhoben:<\/p>\n\n\n\n<p><strong>Cookies<\/strong><\/p>\n\n\n\n<p>Zus\u00e4tzlich zu diesen Daten nutzen wir \u00fcber unsere Webseite auch Cookies. Dies sind kleine Textprogramme, die nach Besuch unserer Webseite auf Ihrem Rechner (in Ihrem Browser) gespeichert werden. Sollten Sie unsere Webseite danach erneut besuchen, so sendet der von Ihnen genutzte Browser die in dem Cookie gespeicherten Informationen an unsere Webseite und kann Ihnen so bspw. die Navigation erleichtern, weil Voreinstellungen \u00fcbernommen werden. Cookies sind keine Viren und k\u00f6nnen auch keine Schadsoftware auf dem Computer installieren. Sie sind nur kurze Texte, die zwischen Webserver und Browser ausgetauscht werden. Auf unserer Webseite werden folgende Arten von Cookies verwendet:<\/p>\n\n\n\n<p><em>Transiente Cookies(tempor\u00e4re Cookies)<\/em><\/p>\n\n\n\n<p>Diese Cookies werden nur f\u00fcr den Zeitraum der Nutzung Ihres Browsers gespeichert. Diese speichern eine sogenannte Session-ID, mit welcher sich verschiedene Anfragen Ihres Browsers der gemeinsamen Sitzung zuordnen lassen. Dadurch kann Ihr Rechner wiedererkannt werden, wenn Sie auf die Webseite zur\u00fcckkehren. Sobald Sie den Browser schlie\u00dfen, werden auch diese Cookies automatisch gel\u00f6scht.<\/p>\n\n\n\n<p><em>Persistente Cookies (zeitlich beschr\u00e4nkte Cookies)<\/em><\/p>\n\n\n\n<p>Diese Cookies unterscheiden sich von den Transienten Cookies lediglich dadurch, dass sie beim Schlie\u00dfen des Browsers nicht automatisch gel\u00f6scht werden, sondern erst nach einer voreingestellten Zeit. Sie k\u00f6nnen diese Cookies jedoch jederzeit \u00fcber die Einstellungen Ihres Browsers l\u00f6schen. <\/p>\n\n\n\n<p>Grunds\u00e4tzlich k\u00f6nnen Sie die Einstellungen Ihres Browsers so konfigurieren, dass Cookies gar nicht oder nur eingeschr\u00e4nkt von diesem angenommen und gespeichert werden. Wenn Sie von dieser M\u00f6glichkeit Gebrauch machen, kann es jedoch zu Einschr\u00e4nkungen bei der Nutzbarkeit unserer Webseite kommen. <\/p>\n\n\n\n<p><strong>Google Maps<\/strong><\/p>\n\n\n\n<p>Unsere Webseite benutzt Google Maps zur Darstellung von Karten und zur Erstellung von Anfahrtspl\u00e4nen. Google Maps wird von Google Inc., 1600 Amphitheatre Parkway, Mountain View, CA 94043, USA betrieben.<\/p>\n\n\n\n<p>Durch den Besuch auf der Webseite erh\u00e4lt Google Informationen dar\u00fcber, dass Sie die entsprechende Seite unseres Webauftrittes aufgerufen haben. Dies erfolgt auch unabh\u00e4ngig davon, ob Sie ein Nutzerkonto bei Google haben oder \u00fcber dieses eingeloggt sind. F\u00fcr den Fall, dass Sie w\u00e4hrend der Nutzung der Webseite \u00fcber ein Nutzerkonto von Google eingeloggt sind, werden die Daten direkt Ihrem Benutzerkonto zugeordnet. Wenn Sie dies nicht w\u00fcnschen, so m\u00fcssen Sie sich vor Nutzung des Dienstes ausloggen.<\/p>\n\n\n\n<p>Durch die Nutzung von Google Maps erkl\u00e4ren Sie sich mit der Erfassung, Bearbeitung sowie der Nutzung der automatisch erhobenen sowie der von Ihnen eingegeben Daten durch Google und ggf. von Drittanbieter einverstanden. Die Nutzungsbedingungen f\u00fcr Google Maps finden Sie unter Nutzungsbedingungen f\u00fcr Google Maps. Ausf\u00fchrliche Details finden Sie unter google.de: Transparenz und Wahlm\u00f6glichkeiten sowie Datenschutzbestimmungen. Das Ihnen zustehende Widerspruchsrecht m\u00fcssen Sie direkt gegen\u00fcber Google aus\u00fcben. \u00dcber Ihre Browsereinstellungen k\u00f6nnen Sie den Google Maps-Dienst deaktivieren (Deaktivierung des JavaScripts im Browser). Eine Nutzung ist dann nicht mehr m\u00f6glich.<\/p>\n\n\n\n<p><strong>Webanalyse durch Google Analytics<\/strong><\/p>\n\n\n\n<p>Wir nutzen auf unserer Webseite Google Analytics. Google Analytics ist ein Webanalysedienst der Google Inc. Google verwendet Cookies. Die mittels Cookies erzeugten Informationen \u00fcber die Nutzung der Webseite werden in der Regel an einen Server von Google in den USA \u00fcbertragen und dort gespeichert.<\/p>\n\n\n\n<p>Google nutzt diese Informationen in unserem Auftrag, um die Nutzung unseres Onlineangebotes auszuwerten und um weitere mit der Nutzung dieses Onlineangebotes und der Internetnutzung verbundene Dienstleistungen uns gegen\u00fcber zu erbringen.<br>Wir haben Google Analytics um den Code \u201eanonymizeIP\u201c erweitert. Das bedeutet, die IP-Adresse der Nutzer wird von Google innerhalb von Mitgliedstaaten der Europ\u00e4ischen Union oder in anderen Vertragsstaaten des Abkommens \u00fcber den Europ\u00e4ischen Wirtschaftsraum gek\u00fcrzt. In Ausnahmef\u00e4llen wird die volle IP-Adresse an einen Server von Google in den USA \u00fcbertragen und dort gek\u00fcrzt. Durch die Code-Erweiterung \u201eanonymizeIp\u201c werden die letzten 8bit der IP-Adresse der Nutzer gekappt. Durch den Einsatz dieses Codes ist nur noch eine grobe Lokalisierung der Nutzer m\u00f6glich. Die von dem Browser des Nutzers \u00fcbermittelte IP-Adresse wird nicht mit anderen Daten von Google zusammengef\u00fchrt.<\/p>\n\n\n\n<p>Die Speicherung der Cookies k\u00f6nnen Sie durch eine entsprechende Einstellung Ihrer Browser-Software verhindern. Eventuell k\u00f6nnen dann nicht s\u00e4mtliche Funktionen der Webseite vollumf\u00e4nglich genutzt werden.  Au\u00dferdem k\u00f6nnen Sie die Erfassung der durch das Cookie erzeugten und auf Ihre Nutzung des Onlineangebotes bezogenen Daten an Google sowie die Verarbeitung dieser Daten durch Google verhindern, indem Sie das unter dem folgenden Link verf\u00fcgbare Browser-Plugin herunterladen und installieren: <a href=\"http:\/\/tools.google.com\/dlpage\/gaoptout?hl=de\">http:\/\/tools.google.com\/dlpage\/gaoptout?hl=de<\/a>. <br>M\u00f6glich ist auch das Setzen eines Opt-Out-Cookies, das die zuk\u00fcnftige Erfassung Ihrer Daten beim Besuch unserer Webseite verhindert. Hinweise zur Einbindung eines Opt-Out-Cookies finden Sie unter: <a href=\"http:\/\/developers.google.com\/analytics\/devguides\/collection\/gajs\/?hl=de#disable\">http:\/\/developers.google.com\/analytics\/devguides\/collection\/gajs\/?hl=de#disable<\/a>.  <\/p>\n\n\n\n<p>Weitere Informationen zur Datennutzung durch Google, Einstellungen und Widerspruchs-m\u00f6glichkeiten erhalten Sie auf den Webseiten von Google: <a href=\"https:\/\/www.google.com\/intl\/de\/policies\/privacy\/partners\/\">https:\/\/www.google.com\/intl\/de\/policies\/privacy\/partners\/<\/a> (\u201eDatennutzung durch Google bei Ihrer Nutzung von Webseiten oder Apps unserer Partner\u201c),<br><a href=\"http:\/\/www.google.com\/policies\/technologies\/ads\">http:\/\/www.google.com\/policies\/technologies\/ads<\/a> (\u201eWerbung\u201c).<\/p>\n\n\n\n<p><strong>E-Mail-Kommunikation<\/strong><\/p>\n\n\n\n<p>Falls Sie uns eine E-Mail \u00fcbersenden, erheben und verarbeiten wir die personenbezogenen Daten, die sie uns in der E-Mail \u00fcberlassen. Dies k\u00f6nnen z.B. Ihr Vorname, Ihr Nachname, Ihre Anschrift, Ihre Telefonnummer, Ihre E-Mail-Adresse und der Inhalt Ihrer Nachricht oder Mitteilung sein, falls diese Daten zu Ihrer Person enth\u00e4lt. Dies geschieht, um mit Ihnen kommunizieren zu k\u00f6nnen, falls Sie uns kontaktiert haben, indem wir z.B. Ihre Fragen beantworten, Bestellungen bearbeiten oder Ihnen gew\u00fcnschte Informationen zur Verf\u00fcgung stellen.<\/p>\n\n\n\n<p>Bitte beachten Sie, dass es sich bei Daten zu Ihrer Gesundheit, die Sie uns \u00fcbermitteln, um besondere personenbezogene Daten im Sinne von Art. 9 Abs. I DGSVO handelt. Bitte treffen Sie aufgrund des Schutzbedarfes dieser Daten besondere Ma\u00dfnahmen, um die Daten auf dem Transport besonders zu sch\u00fctzen.<\/p>\n\n\n\n<p class=\"has-medium-font-size\"><strong>B e t r o f f e n e n r e c h t e<\/strong><\/p>\n\n\n\n<p><strong>Recht auf Best\u00e4tigung<\/strong><\/p>\n\n\n\n<p>Jede betroffene Person hat das Recht, von dem f\u00fcr die Verarbeitung Verantwortlichen eine Best\u00e4tigung dar\u00fcber zu verlangen, ob sie betreffende personenbezogene Daten verarbeitet werden. M\u00f6chte eine betroffene Person dieses Best\u00e4tigungsrecht in Anspruch nehmen, kann sie sich hierzu jederzeit an unseren Datenschutzbeauftragten oder einen anderen Mitarbeiter des f\u00fcr die Verarbeitung Verantwortlichen wenden.<\/p>\n\n\n\n<p><strong>Recht auf Auskunft<\/strong> <\/p>\n\n\n\n<p>Jede von der Verarbeitung personenbezogener Daten betroffene Person hat das Recht, jederzeit von dem f\u00fcr die Verarbeitung Verantwortlichen unentgeltliche Auskunft \u00fcber die zu seiner Person gespeicherten personenbezogenen Daten und eine Kopie dieser Auskunft zu erhalten. M\u00f6chte eine betroffene Person dieses Berichtigungsrecht in Anspruch nehmen, kann sie sich hierzu jederzeit an unseren Datenschutzbeauftragten wenden.<\/p>\n\n\n\n<p><strong>Recht auf L\u00f6schung (Recht auf Vergessen werden)<\/strong> <\/p>\n\n\n\n<p>Jede von der Verarbeitung personenbezogener Daten betroffene Person hat das Recht, von dem Verantwortlichen zu verlangen, dass die sie betreffenden personenbezogenen Daten unverz\u00fcglich gel\u00f6scht werden, sofern einer der folgenden Gr\u00fcnde zutrifft und soweit die Verarbeitung nicht erforderlich ist:<\/p>\n\n\n\n<p>Die personenbezogenen Daten wurden f\u00fcr solche Zwecke erhoben oder auf sonstige Weise verarbeitet, f\u00fcr welche sie nicht mehr notwendig sind; Die betroffene Person widerruft ihre Einwilligung, auf die sich die Verarbeitung gem\u00e4\u00df Art. 6 Abs. 1 Buchstabe a DS-GVO oder Art. 9 Abs. 2 Buchstabe a DS-GVO st\u00fctzte, und es fehlt an einer anderweitigen Rechtsgrundlage f\u00fcr die Verarbeitung; Die betroffene Person legt gem\u00e4\u00df Art. 21 Abs. 1 DS-GVO Widerspruch gegen die Verarbeitung ein, und es liegen keine vorrangigen berechtigten Gr\u00fcnde f\u00fcr die Verarbeitung vor, oder die betroffene Person legt gem\u00e4\u00df Art. 21 Abs. 2 DS-GVO Widerspruch gegen die Verarbeitung ein; Die personenbezogenen Daten wurden unrechtm\u00e4\u00dfig verarbeitet; Die L\u00f6schung der personenbezogenen Daten ist zur Erf\u00fcllung einer rechtlichen Verpflichtung nach dem Unionsrecht oder dem Recht der Mitgliedstaaten erforderlich, dem der Verantwortliche unterliegt oder wenn die personenbezogenen Daten in Bezug auf angebotene Dienste der Informationsgesellschaft gem\u00e4\u00df <br>Art. 8 Abs. 1 DS-GVO erhoben wurden.<\/p>\n\n\n\n<p><strong>Recht auf Einschr\u00e4nkung der Verarbeitung<\/strong><\/p>\n\n\n\n<p>Jede von der Verarbeitung personenbezogener Daten betroffene Person hat das Recht, von dem Verantwortlichen die Einschr\u00e4nkung der Verarbeitung zu verlangen, wenn eine der folgenden Voraussetzungen gegeben ist:<\/p>\n\n\n\n<p>Die Richtigkeit der personenbezogenen Daten wird von der betroffenen Person bestritten, und zwar f\u00fcr eine Dauer, die es dem Verantwortlichen erm\u00f6glicht, die Richtigkeit der personenbezogenen Daten zu \u00fcberpr\u00fcfen; Die Verarbeitung ist unrechtm\u00e4\u00dfig, die betroffene Person lehnt die L\u00f6schung der personenbezogenen Daten ab und verlangt stattdessen die Einschr\u00e4nkung der Nutzung der personenbezogenen Daten; Der Verantwortliche ben\u00f6tigt die personenbezogenen Daten f\u00fcr die Zwecke der Verarbeitung nicht l\u00e4nger, die betroffene Person ben\u00f6tigt sie jedoch zur Geltendmachung, Aus\u00fcbung oder Verteidigung von Rechtsanspr\u00fcchen; Die betroffene Person hat Widerspruch gegen die Verarbeitung gem. Art. 21 Abs. 1 DS-GVO eingelegt und es steht noch nicht fest, ob die berechtigten Gr\u00fcnde des Verantwortlichen gegen\u00fcber denen der betroffenen Person \u00fcberwiegen.<\/p>\n\n\n\n<p><strong>Recht auf Daten\u00fcbertragbarkeit<\/strong><\/p>\n\n\n\n<p>Jede von der Verarbeitung personenbezogener Daten betroffene Person hat das Recht, die sie betreffenden personenbezogenen Daten in einem strukturierten, g\u00e4ngigen und maschinenlesbaren Format zu erhalten. Sie hat au\u00dferdem das Recht, diese Daten einem anderen Verantwortlichen ohne Behinderung durch den Verantwortlichen, dem die personenbezogenen Daten bereitgestellt wurden, zu \u00fcbermitteln, sofern die Verarbeitung auf der Einwilligung gem\u00e4\u00df Art. 6 Abs. 1 Buchstabe a DS-GVO oder Art. 9 Abs. 2 Buchstabe a DS-GVO oder auf einem Vertrag gem\u00e4\u00df Art. 6 Abs. 1 Buchstabe b DS-GVO beruht und die Verarbeitung mithilfe automatisierter Verfahren erfolgt, sofern die Verarbeitung nicht f\u00fcr die Wahrnehmung einer Aufgabe erforderlich ist, die im \u00f6ffentlichen Interesse liegt oder in Aus\u00fcbung \u00f6ffentlicher Gewalt erfolgt, welche dem Verantwortlichen \u00fcbertragen wurde.<\/p>\n\n\n\n<p>Ferner hat die betroffene Person bei der Aus\u00fcbung ihres Rechts auf Daten\u00fcbertragbarkeit gem\u00e4\u00df Art. 20 Abs. 1 DS-GVO das Recht, zu erwirken, dass die personenbezogenen Daten direkt von einem Verantwortlichen an einen anderen Verantwortlichen \u00fcbermittelt werden, soweit dies technisch machbar ist und sofern hiervon nicht die Rechte und Freiheiten anderer Personen beeintr\u00e4chtigt werden.<\/p>\n\n\n\n<p><strong>Recht auf Widerspruch<\/strong><\/p>\n\n\n\n<p>Jede von der Verarbeitung personenbezogener Daten betroffene Person hat das Recht, aus Gr\u00fcnden, die sich aus ihrer besonderen Situation ergeben, jederzeit gegen die Verarbeitung sie betreffender personenbezogener Daten, die aufgrund von Art. 6 Abs. 1 Buchstaben e oder f DS-GVO erfolgt, Widerspruch einzulegen.<\/p>\n\n\n\n<p>Die Praxis verarbeitet die personenbezogenen Daten im Falle des Widerspruchs nicht mehr au\u00dfer es bestehen zwingende schutzw\u00fcrdige Gr\u00fcnde f\u00fcr die Verarbeitung, die den Interessen, Rechten und Freiheiten der betroffenen Person \u00fcberwiegen, oder die Verarbeitung dient der Geltendmachung, Aus\u00fcbung oder Verteidigung von Rechtsanspr\u00fcchen.<\/p>\n\n\n\n<p><strong>Automatisierte Entscheidungen im Einzelfall einschlie\u00dflich Profiling<\/strong><\/p>\n\n\n\n<p>Jede von der Verarbeitung personenbezogener Daten betroffene Person hat das Recht, nicht einer ausschlie\u00dflich auf einer automatisierten Verarbeitung beruhenden Entscheidung unterworfen zu werden, sofern die Entscheidung (1) nicht f\u00fcr den Abschluss oder die Erf\u00fcllung eines Vertrags zwischen der betroffenen Person und dem Verantwortlichen erforderlich ist, oder (2) aufgrund von Rechtsvorschriften der Union oder der Mitgliedstaaten, denen der Verantwortliche unterliegt, zul\u00e4ssig ist und diese Rechtsvorschriften angemessene Ma\u00dfnahmen zur Wahrung der Rechte und Freiheiten sowie der berechtigten Interessen der betroffenen Person enthalten oder (3) mit ausdr\u00fccklicher Einwilligung der betroffenen Person erfolgt.<\/p>\n\n\n\n<p><strong>Recht auf Widerruf einer datenschutzrechtlichen Einwilligung<\/strong><\/p>\n\n\n\n<p>Jede von der Verarbeitung personenbezogener Daten betroffene Person hat das Recht, eine Einwilligung zur Verarbeitung personenbezogener Daten jederzeit zu widerrufen.<\/p>\n\n\n\n<p>Nutzer haben das Recht, auf Antrag unentgeltlich Auskunft zu erhalten \u00fcber die personenbezogenen Daten, die von uns \u00fcber sie gespeichert wurden. Zus\u00e4tzlich haben die Nutzer das Recht auf Berichtigung unrichtiger Daten, Widerruf von Einwilligungen, Sperrung und L\u00f6schung ihrer personenbezogenen Daten sowie das Recht, im Fall der Annahme einer unrechtm\u00e4\u00dfigen Datenverarbeitung eine Beschwerde bei der zust\u00e4ndigen Aufsichtsbeh\u00f6rde einzureichen.<\/p>\n\n\n\n<p><strong>Beschwerderecht<\/strong><\/p>\n\n\n\n<p>Sie haben im Fall der Annahme einer unrechtm\u00e4\u00dfigen Datenverarbeitung das Recht, eine Beschwerde bei der zust\u00e4ndigen Aufsichtsbeh\u00f6rde einzureichen. <\/p>\n\n\n\n<p><strong>Verweise und Links<\/strong><\/p>\n\n\n\n<p>Bei direkten oder indirekten Verweisen auf fremde Webseiten (&#8222;Hyperlinks&#8220;), die au\u00dferhalb des Verantwortungsbereiches des Autors liegen, w\u00fcrde eine Haftungsverpflichtung ausschlie\u00dflich in dem Fall in Kraft treten, in dem der Autor von den Inhalten Kenntnis hat und es ihm technisch m\u00f6glich und zumutbar w\u00e4re, die Nutzung im Falle rechtswidriger Inhalte zu verhindern. <\/p>\n\n\n\n<p>Der Autor erkl\u00e4rt hiermit ausdr\u00fccklich, dass zum Zeitpunkt der Linksetzung keine illegalen Inhalte auf den zu verlinkenden Seiten erkennbar waren. Auf die aktuelle und zuk\u00fcnftige Gestaltung, die Inhalte oder die Urheberschaft der gelinkten\/verkn\u00fcpften Seiten hat der Autor keinerlei Einfluss. Deshalb distanziert er sich hiermit ausdr\u00fccklich von allen Inhalten aller gelinkten \/verkn\u00fcpften Seiten, die nach der Linksetzung ver\u00e4ndert wurden. Diese Feststellung gilt f\u00fcr alle innerhalb des eigenen Internetangebotes gesetzten Links und Verweise sowie f\u00fcr Fremdeintr\u00e4ge in vom Autor eingerichteten G\u00e4steb\u00fcchern, Diskussionsforen und Mailinglisten. F\u00fcr illegale, fehlerhafte oder unvollst\u00e4ndige Inhalte und insbesondere f\u00fcr Sch\u00e4den, die aus der Nutzung oder Nichtnutzung solcherart dargebotener Informationen entstehen, haftet allein der Anbieter der Seite, auf welche verwiesen wurde, nicht derjenige, der \u00fcber Links auf die jeweilige Ver\u00f6ffentlichung lediglich verweist. <\/p>\n\n\n\n<p><strong>Urheber- und Kennzeichenrecht<\/strong><\/p>\n\n\n\n<p>Der Autor ist bestrebt, in allen Publikationen die Urheberrechte der verwendeten Grafiken, Tondokumente, Videosequenzen und Texte zu beachten, von ihm selbst erstellte Grafiken, Tondokumente, Videosequenzen und Texte zu nutzen oder auf lizenzfreie Grafiken, Tondokumente, Videosequenzen und Texte zur\u00fcckzugreifen. Alle innerhalb des Internetangebotes genannten und ggf. durch Dritte gesch\u00fctzten Marken- und Warenzeichen unterliegen uneingeschr\u00e4nkt den Bestimmungen des jeweils g\u00fcltigen Kennzeichenrechts und den Besitzrechten der jeweiligen eingetragenen Eigent\u00fcmer. Allein aufgrund der blo\u00dfen Nennung ist nicht der Schluss zu ziehen, dass Markenzeichen nicht durch Rechte Dritter gesch\u00fctzt sind!<\/p>\n\n\n\n<p>Das Copyright f\u00fcr ver\u00f6ffentlichte, vom Autor selbst erstellte Objekte bleibt allein beim Autor der Seiten. Eine Vervielf\u00e4ltigung oder Verwendung solcher Grafiken, Tondokumente, Videosequenzen und Texte in anderen elektronischen oder gedruckten Publikationen ist ohne ausdr\u00fcckliche Zustimmung des Autors nicht gestattet. <\/p>\n","protected":false},"excerpt":{"rendered":"<p>Informationen \u00fcber die Erhebung personenbezogener Daten auf unserer Webseite Sehr geehrter Besucher unserer Webseite, F\u00fcr unsere Apotheke hat ein verantwortungsbewusster Umgang mit personenbezogenen Daten hohe Priorit\u00e4t. Wir m\u00f6chten, dass Sie wissen, wann wir welche Daten erheben und wie wir sie &hellip; <a href=\"https:\/\/adler-werne.de\/penta\/datenschutzerklaerung\/\">Weiterlesen <span class=\"meta-nav\">&rarr;<\/span><\/a><\/p>\n","protected":false},"author":3,"featured_media":0,"parent":0,"menu_order":0,"comment_status":"closed","ping_status":"closed","template":"","meta":{"footnotes":""},"class_list":["post-308869","page","type-page","status-publish","hentry"],"aioseo_notices":[],"_links":{"self":[{"href":"https:\/\/adler-werne.de\/penta\/wp-json\/wp\/v2\/pages\/308869","targetHints":{"allow":["GET"]}}],"collection":[{"href":"https:\/\/adler-werne.de\/penta\/wp-json\/wp\/v2\/pages"}],"about":[{"href":"https:\/\/adler-werne.de\/penta\/wp-json\/wp\/v2\/types\/page"}],"author":[{"embeddable":true,"href":"https:\/\/adler-werne.de\/penta\/wp-json\/wp\/v2\/users\/3"}],"replies":[{"embeddable":true,"href":"https:\/\/adler-werne.de\/penta\/wp-json\/wp\/v2\/comments?post=308869"}],"version-history":[{"count":1,"href":"https:\/\/adler-werne.de\/penta\/wp-json\/wp\/v2\/pages\/308869\/revisions"}],"predecessor-version":[{"id":308870,"href":"https:\/\/adler-werne.de\/penta\/wp-json\/wp\/v2\/pages\/308869\/revisions\/308870"}],"wp:attachment":[{"href":"https:\/\/adler-werne.de\/penta\/wp-json\/wp\/v2\/media?parent=308869"}],"curies":[{"name":"wp","href":"https:\/\/api.w.org\/{rel}","templated":true}]}}