{"id":91,"date":"2010-12-13T22:23:23","date_gmt":"2010-12-13T21:23:23","guid":{"rendered":"http:\/\/www.adler-werne.de\/wordpress\/"},"modified":"2022-11-30T14:18:55","modified_gmt":"2022-11-30T13:18:55","slug":"verleihangebote","status":"publish","type":"page","link":"https:\/\/adler-werne.de\/penta\/service\/verleihangebote\/","title":{"rendered":"Verleihangebote"},"content":{"rendered":"<p><strong>Wir verleihen folgende Ger\u00e4te f\u00fcr Ihre Gesundheit:<\/strong><\/p>\n<p>\u2022 Babywaagen,<br \/>\n\u2022 elektrische Milchpumpen,<br \/>\n\u2022 Blutdruckmessger\u00e4te,<br \/>\n\u2022 Pari-Inhalatoren<\/p>\n<p>Ben\u00f6tigen Sie eines der Ger\u00e4te, rufen Sie uns bitte unter der Telefonnummer 02306 7648077 an. Gerne reservieren wir f\u00fcr Sie ein Ger\u00e4t, soweit es verf\u00fcgbar ist.<\/p>\n","protected":false},"excerpt":{"rendered":"<p>Wir verleihen folgende Ger\u00e4te f\u00fcr Ihre Gesundheit: \u2022 Babywaagen, \u2022 elektrische Milchpumpen, \u2022 Blutdruckmessger\u00e4te, \u2022 Pari-Inhalatoren Ben\u00f6tigen Sie eines der Ger\u00e4te, rufen Sie uns bitte unter der Telefonnummer 02306 7648077 an. Gerne reservieren wir f\u00fcr Sie ein Ger\u00e4t, soweit es &hellip; <a href=\"https:\/\/adler-werne.de\/penta\/service\/verleihangebote\/\">Weiterlesen <span class=\"meta-nav\">&rarr;<\/span><\/a><\/p>\n","protected":false},"author":1,"featured_media":0,"parent":6,"menu_order":0,"comment_status":"open","ping_status":"open","template":"","meta":{"footnotes":""},"class_list":["post-91","page","type-page","status-publish","hentry"],"aioseo_notices":[],"_links":{"self":[{"href":"https:\/\/adler-werne.de\/penta\/wp-json\/wp\/v2\/pages\/91","targetHints":{"allow":["GET"]}}],"collection":[{"href":"https:\/\/adler-werne.de\/penta\/wp-json\/wp\/v2\/pages"}],"about":[{"href":"https:\/\/adler-werne.de\/penta\/wp-json\/wp\/v2\/types\/page"}],"author":[{"embeddable":true,"href":"https:\/\/adler-werne.de\/penta\/wp-json\/wp\/v2\/users\/1"}],"replies":[{"embeddable":true,"href":"https:\/\/adler-werne.de\/penta\/wp-json\/wp\/v2\/comments?post=91"}],"version-history":[{"count":3,"href":"https:\/\/adler-werne.de\/penta\/wp-json\/wp\/v2\/pages\/91\/revisions"}],"predecessor-version":[{"id":308936,"href":"https:\/\/adler-werne.de\/penta\/wp-json\/wp\/v2\/pages\/91\/revisions\/308936"}],"up":[{"embeddable":true,"href":"https:\/\/adler-werne.de\/penta\/wp-json\/wp\/v2\/pages\/6"}],"wp:attachment":[{"href":"https:\/\/adler-werne.de\/penta\/wp-json\/wp\/v2\/media?parent=91"}],"curies":[{"name":"wp","href":"https:\/\/api.w.org\/{rel}","templated":true}]}}